{"id":6910,"date":"2023-06-30T09:14:27","date_gmt":"2023-06-30T09:14:27","guid":{"rendered":"https:\/\/www.tmchiptuning.com\/?page_id=6910"},"modified":"2024-11-01T16:09:32","modified_gmt":"2024-11-01T16:09:32","slug":"choose-vehicle-type-de","status":"publish","type":"page","link":"https:\/\/www.tmchiptuning.com\/de\/choose-vehicle-type-de\/","title":{"rendered":"Choose vehicle type DE"},"content":{"rendered":"<p><!--\n\n\n\n<style>\n.iframe-container iframe {border: 0; height: 100%; left: 0; position: absolute; top: 0; width: 100%;}<br \/>\n.iframe-container {overflow: hidden; padding-top: 625px; padding-bottom: 50px; position: relative;  }<br \/>\n<\/style>\n\n\n\n<iframe src=\"https:\/\/files.tmchiptuning.com\/sv\/index.php?option=com_rsform&amp;view=rsform&amp;formId=75&amp;bgcolor=fff&amp;fcolor=000\" width=\"100%\" height=\"650px\" scrolling=\"auto\" allowfullscreen=\"allowfullscreen\"><\/iframe>\n\n--><\/p>\n<div class=\"container\">\n<p><script src=\"https:\/\/portal.bensky.co.uk\/w.php?id=1177&#038;js=1&#038;color=b90707&#038;theme=light&#038;lang=German\"><\/script><\/p>\n<\/div>\n<p style=\"text-align: center; font-size: 10px;\">Genom att v\u00e4lja detta alternativ \u2013 accepterar du p\u00e5 eget ansvar att anv\u00e4ndningen av vald funktion inte bryter mot n\u00e5gon lag i anv\u00e4ndningslandet, och du f\u00f6rst\u00e5r att producerad programvara endast kan anv\u00e4ndas f\u00f6r t\u00e4vlings\u00e4ndam\u00e5l eller i slutna t\u00e4vlingar, det \u00e4r inte avsedd att anv\u00e4ndas p\u00e5 allm\u00e4nna v\u00e4gar!<\/p>\n","protected":false},"excerpt":{"rendered":"<p>Genom att v\u00e4lja detta alternativ \u2013 accepterar du p\u00e5 eget ansvar att anv\u00e4ndningen av vald funktion inte bryter mot n\u00e5gon lag i anv\u00e4ndningslandet, och du f\u00f6rst\u00e5r att producerad programvara endast kan anv\u00e4ndas f\u00f6r t\u00e4vlings\u00e4ndam\u00e5l eller i slutna t\u00e4vlingar, det \u00e4r inte avsedd att anv\u00e4ndas p\u00e5 allm\u00e4nna v\u00e4gar!<\/p>\n","protected":false},"author":5,"featured_media":0,"parent":0,"menu_order":0,"comment_status":"closed","ping_status":"closed","template":"elementor_header_footer","meta":{"_monsterinsights_skip_tracking":false,"_monsterinsights_sitenote_active":false,"_monsterinsights_sitenote_note":"","_monsterinsights_sitenote_category":0,"ocean_post_layout":"","ocean_both_sidebars_style":"","ocean_both_sidebars_content_width":0,"ocean_both_sidebars_sidebars_width":0,"ocean_sidebar":"0","ocean_second_sidebar":"0","ocean_disable_margins":"enable","ocean_add_body_class":"","ocean_shortcode_before_top_bar":"","ocean_shortcode_after_top_bar":"","ocean_shortcode_before_header":"","ocean_shortcode_after_header":"","ocean_has_shortcode":"","ocean_shortcode_after_title":"","ocean_shortcode_before_footer_widgets":"","ocean_shortcode_after_footer_widgets":"","ocean_shortcode_before_footer_bottom":"","ocean_shortcode_after_footer_bottom":"","ocean_display_top_bar":"default","ocean_display_header":"default","ocean_header_style":"","ocean_center_header_left_menu":"0","ocean_custom_header_template":"0","ocean_custom_logo":0,"ocean_custom_retina_logo":0,"ocean_custom_logo_max_width":0,"ocean_custom_logo_tablet_max_width":0,"ocean_custom_logo_mobile_max_width":0,"ocean_custom_logo_max_height":0,"ocean_custom_logo_tablet_max_height":0,"ocean_custom_logo_mobile_max_height":0,"ocean_header_custom_menu":"0","ocean_menu_typo_font_family":"0","ocean_menu_typo_font_subset":"","ocean_menu_typo_font_size":0,"ocean_menu_typo_font_size_tablet":0,"ocean_menu_typo_font_size_mobile":0,"ocean_menu_typo_font_size_unit":"px","ocean_menu_typo_font_weight":"","ocean_menu_typo_font_weight_tablet":"","ocean_menu_typo_font_weight_mobile":"","ocean_menu_typo_transform":"","ocean_menu_typo_transform_tablet":"","ocean_menu_typo_transform_mobile":"","ocean_menu_typo_line_height":0,"ocean_menu_typo_line_height_tablet":0,"ocean_menu_typo_line_height_mobile":0,"ocean_menu_typo_line_height_unit":"","ocean_menu_typo_spacing":0,"ocean_menu_typo_spacing_tablet":0,"ocean_menu_typo_spacing_mobile":0,"ocean_menu_typo_spacing_unit":"","ocean_menu_link_color":"","ocean_menu_link_color_hover":"","ocean_menu_link_color_active":"","ocean_menu_link_background":"","ocean_menu_link_hover_background":"","ocean_menu_link_active_background":"","ocean_menu_social_links_bg":"","ocean_menu_social_hover_links_bg":"","ocean_menu_social_links_color":"","ocean_menu_social_hover_links_color":"","ocean_disable_title":"default","ocean_disable_heading":"default","ocean_post_title":"","ocean_post_subheading":"","ocean_post_title_style":"","ocean_post_title_background_color":"","ocean_post_title_background":0,"ocean_post_title_bg_image_position":"","ocean_post_title_bg_image_attachment":"","ocean_post_title_bg_image_repeat":"","ocean_post_title_bg_image_size":"","ocean_post_title_height":0,"ocean_post_title_bg_overlay":0.5,"ocean_post_title_bg_overlay_color":"","ocean_disable_breadcrumbs":"default","ocean_breadcrumbs_color":"","ocean_breadcrumbs_separator_color":"","ocean_breadcrumbs_links_color":"","ocean_breadcrumbs_links_hover_color":"","ocean_display_footer_widgets":"default","ocean_display_footer_bottom":"default","ocean_custom_footer_template":"0","footnotes":""},"class_list":["post-6910","page","type-page","status-publish","hentry","entry"],"_links":{"self":[{"href":"https:\/\/www.tmchiptuning.com\/de\/wp-json\/wp\/v2\/pages\/6910","targetHints":{"allow":["GET"]}}],"collection":[{"href":"https:\/\/www.tmchiptuning.com\/de\/wp-json\/wp\/v2\/pages"}],"about":[{"href":"https:\/\/www.tmchiptuning.com\/de\/wp-json\/wp\/v2\/types\/page"}],"author":[{"embeddable":true,"href":"https:\/\/www.tmchiptuning.com\/de\/wp-json\/wp\/v2\/users\/5"}],"replies":[{"embeddable":true,"href":"https:\/\/www.tmchiptuning.com\/de\/wp-json\/wp\/v2\/comments?post=6910"}],"version-history":[{"count":4,"href":"https:\/\/www.tmchiptuning.com\/de\/wp-json\/wp\/v2\/pages\/6910\/revisions"}],"predecessor-version":[{"id":8408,"href":"https:\/\/www.tmchiptuning.com\/de\/wp-json\/wp\/v2\/pages\/6910\/revisions\/8408"}],"wp:attachment":[{"href":"https:\/\/www.tmchiptuning.com\/de\/wp-json\/wp\/v2\/media?parent=6910"}],"curies":[{"name":"wp","href":"https:\/\/api.w.org\/{rel}","templated":true}]}}