{"id":6384,"date":"2020-03-25T13:44:13","date_gmt":"2020-03-25T13:44:13","guid":{"rendered":"https:\/\/www.tmchiptuning.com\/villkor\/"},"modified":"2022-12-02T14:24:31","modified_gmt":"2022-12-02T14:24:31","slug":"villkor","status":"publish","type":"page","link":"https:\/\/www.tmchiptuning.com\/en\/villkor\/","title":{"rendered":"Villkor"},"content":{"rendered":"\t\t<div data-elementor-type=\"wp-post\" data-elementor-id=\"6384\" class=\"elementor elementor-6384 elementor-4520\" data-elementor-post-type=\"page\">\n\t\t\t\t\t\t<section class=\"elementor-section elementor-top-section elementor-element elementor-element-4229ea59 elementor-section-boxed elementor-section-height-default elementor-section-height-default\" data-id=\"4229ea59\" data-element_type=\"section\" data-e-type=\"section\" data-settings=\"{&quot;background_background&quot;:&quot;classic&quot;}\">\n\t\t\t\t\t\t\t<div class=\"elementor-background-overlay\"><\/div>\n\t\t\t\t\t\t\t<div class=\"elementor-container elementor-column-gap-default\">\n\t\t\t\t\t<div class=\"elementor-column elementor-col-100 elementor-top-column elementor-element elementor-element-51cd51ff\" data-id=\"51cd51ff\" data-element_type=\"column\" data-e-type=\"column\" data-settings=\"{&quot;background_background&quot;:&quot;classic&quot;}\">\n\t\t\t<div class=\"elementor-widget-wrap elementor-element-populated\">\n\t\t\t\t\t\t<div class=\"elementor-element elementor-element-6e0708c3 elementor-widget elementor-widget-heading\" data-id=\"6e0708c3\" data-element_type=\"widget\" data-e-type=\"widget\" data-widget_type=\"heading.default\">\n\t\t\t\t<div class=\"elementor-widget-container\">\n\t\t\t\t\t<h2 class=\"elementor-heading-title elementor-size-default\">Villkor<\/h2>\t\t\t\t<\/div>\n\t\t\t\t<\/div>\n\t\t\t\t<div class=\"elementor-element elementor-element-1013f546 elementor-widget elementor-widget-text-editor\" data-id=\"1013f546\" data-element_type=\"widget\" data-e-type=\"widget\" data-widget_type=\"text-editor.default\">\n\t\t\t\t<div class=\"elementor-widget-container\">\n\t\t\t\t\t\t\t\t\t<p><span style=\"font-weight: 400;\">Allm\u00e4nt:<\/span><\/p><p><span style=\"font-weight: 400;\">T.M. Chiptuning AB reserverar sig f\u00f6r eventuella tryckfel och att varor f\u00f6r\u00e4ndrats eller utg\u00e5tt p.g.a. omst\u00e4ndigheter som T.M. Chiptuning AB ej kunnat p\u00e5verka.<\/span><\/p><p><span style=\"font-weight: 400;\">K\u00f6pvillkor:<\/span><\/p><p><span style=\"font-weight: 400;\">Varje T.M. Chiptuning AB \u00e5terf\u00f6rs\u00e4ljare \u00e4r ett separat f\u00f6retag som kunden ing\u00e5r avtal med, i detta avtal och representerar det bolag du bes\u00f6ker f\u00f6r optimering.<\/span><\/p><p><span style=\"font-weight: 400;\">Det f\u00f6retag som \u00e4r officiell \u00e5terf\u00f6rs\u00e4ljare och d\u00e4r du genomf\u00f6r din optimering \u00e4r din juridiska motpart.\u00a0<\/span><\/p><p><span style=\"font-weight: 400;\">Priser:<\/span><\/p><p><span style=\"font-weight: 400;\">Samtliga priser \u00e4r cirkapriser vilket inneb\u00e4r att vi reserverar oss f\u00f6r valutakurser, felaktigheter och f\u00f6rbeh\u00e5ller oss r\u00e4tten att \u00e4ndra specifikationer och priser utan f\u00f6reg\u00e5ende avisering.<\/span><\/p><p><span style=\"font-weight: 400;\">Samtliga priser inkluderar 25% moms. Frakt och\/eller postf\u00f6rskottsavgift tillkommer.<\/span><\/p><p><span style=\"font-weight: 400;\">Alla delar p\u00e5 hemsidan \u00e4r prissatta utan installation, endast mjukvara\/mappning \u00e4r installation inkluderad i priset.<\/span><\/p><p><span style=\"font-weight: 400;\">Betalning sker p\u00e5 n\u00e5got av f\u00f6ljande s\u00e4tt:<\/span><\/p><p><span style=\"font-weight: 400;\">Kontant p\u00e5 plats hos oss, Swish, Kort, Paypal &amp; Faktura.<\/span><\/p><p><span style=\"font-weight: 400;\">Betalningsvillkor<\/span><\/p><p><span style=\"font-weight: 400;\">Faktureringsavgift tas ut med f\u00f6ljande belopp: 45:-. Faktura ska betalas s\u00e5 att den \u00e4r mottagaren till handa senast 14 dagar efter fakturadatum.\u00a0<\/span><\/p><p><span style=\"font-weight: 400;\">Vid f\u00f6rsenad eller utebliven betalning tillkommer dr\u00f6jsm\u00e5lsr\u00e4nta med g\u00e4llande repor\u00e4nta + 19,00%,<\/span><\/p><p><span style=\"font-weight: 400;\">dock l\u00e4gst 20 % samt ers\u00e4ttning f\u00f6r skriftlig betalningsp\u00e5minnelse med det belopp som anges i lag (1981:739) om ers\u00e4ttning f\u00f6r inkassokostnader mm eller motsvarande lag som ers\u00e4tter denna\u201d.<\/span><\/p><p><span style=\"font-weight: 400;\">Leverans:<\/span><\/p><p><span style=\"font-weight: 400;\">Leverans sker till din folkbokf\u00f6ringsadress.<\/span><\/p><p><span style=\"font-weight: 400;\">Varan skickas normalt inom ett par dagar efter best\u00e4llning inkommit eller bekr\u00e4ftats.<\/span><\/p><p><span style=\"font-weight: 400;\">Undantag g\u00e4ller f\u00f6r specialprodukter. Restnoterade varor levereras s\u00e5 snart de finns tillg\u00e4ngliga i lager. De levererade varorna f\u00f6rblir s\u00e4ljarens egendom tills varorna \u00e4r till fullo betalda.<\/span><\/p><p><span style=\"font-weight: 400;\">F\u00f6r att ta reda p\u00e5 om delen Du vill best\u00e4lla finns i lager eller leverans tiden, rekommenderar vi Dig att kontakta oss per E-post eller telefon.<\/span><\/p><p><span style=\"font-weight: 400;\">Retur:<\/span><\/p><p><span style=\"font-weight: 400;\">Innan retur sker skall k\u00f6paren kontakta T.M. Chiptuning AB f\u00f6r godk\u00e4nnande.<\/span><\/p><p><span style=\"font-weight: 400;\">Inga allm\u00e4nna \u00e5terk\u00f6p g\u00e4ller. Anv\u00e4nd vara eller varor som specialbest\u00e4llts och som ej lagerf\u00f6rs av T.M. Chiptuning AB \u00e5terk\u00f6ps ej och omfattas inte heller av \u00e5ngerr\u00e4tt.<\/span><\/p><p><span style=\"font-weight: 400;\">Eventuella returfrakter och montering\/-demonteringskostnader skall bekostas av k\u00f6paren. F\u00f6r ej utl\u00f6sta varor debiteras kunden hanteringskostnad med 50% (1\/2-del av priset) av delens pris samt kostnader f\u00f6r frakten.<\/span><\/p><p><span style=\"font-weight: 400;\">\u00c5ngerr\u00e4tt:<\/span><\/p><p><span style=\"font-weight: 400;\">Som konsument (privatperson) har du 14 dagars \u00e5ngerr\u00e4tt fr\u00e5n det att du har tagit emot en vara s\u00e4ljaren har skickat till dig. \u00c5ngerr\u00e4tten regleras i Distans- och hemf\u00f6rs\u00e4ljningslagen (2005:59).\u00a0<\/span><\/p><p><span style=\"font-weight: 400;\">\u00c5ngerr\u00e4tt g\u00e4ller inte f\u00f6retag, samt endast om varan \u00e4r i of\u00f6r\u00e4ndrat skick.<\/span><\/p><p><span style=\"font-weight: 400;\">Detta inneb\u00e4r att produkten skall kunna s\u00e4ljas i samma skick till n\u00e4stkommande kund. Eventuell plombering ska vara intakt. Du st\u00e5r f\u00f6r returfrakten vid \u00e5beropande av \u00e5ngerr\u00e4tt.<\/span><\/p><p><span style=\"font-weight: 400;\">F\u00f6r att undvika problem n\u00e4r du vill utnyttja \u00e5ngerr\u00e4tten, tag kontakt med s\u00e4ljaren innan du skickar tillbaka varor.<\/span><\/p><p><span style=\"font-weight: 400;\">Vid \u00e5beropande av \u00e5ngerr\u00e4tt:<\/span><\/p><ul><li><span style=\"font-weight: 400;\"> Meddela s\u00e4ljaren inom 14 dagar fr\u00e5n det att du har mottagit best\u00e4llningen eller del av den att du avser ut\u00f6va din \u00e5ngerr\u00e4tt.<\/span><\/li><li><span style=\"font-weight: 400;\"> Returnera varan med original kartong och det avsedda inneremballage snarast efter att du meddelat s\u00e4ljaren om att avtalet fr\u00e5ntr\u00e4ds och f\u00f6lj s\u00e4ljarens \u00f6vriga villkor g\u00e4llande retur.<\/span><\/li><li><span style=\"font-weight: 400;\"> \u00c5terbetalning sker inom 30 dagar fr\u00e5n det att varan mottagits av T.M. Chiptuning AB.<\/span><\/li><li><span style=\"font-weight: 400;\"> Varan ska vara komplett och hel i original f\u00f6rpackning med tillh\u00f6rande emballage.\u00a0<\/span><\/li><\/ul><p><span style=\"font-weight: 400;\">S\u00e4ljaren f\u00f6rbeh\u00e5ller sig r\u00e4tten att debitera sj\u00e4lvkostnadspris f\u00f6r de saknade delarna i de fall returen ej \u00e4r komplett, alternativt om produkten har konstaterats defekt.<\/span><\/p><p><span style=\"font-weight: 400;\">T.M. Chiptuning AB l\u00f6ser ej ut paket mot postf\u00f6rskott. Ej uth\u00e4mtad f\u00f6rs\u00e4ndelse betraktas inte som utnyttjande av \u00e5ngerr\u00e4tten.<\/span><\/p><p><span style=\"font-weight: 400;\">Om varan \u00e4r specialbest\u00e4lld till dig eller anpassad efter dina \u00f6nskem\u00e5l utfaller en returavgift baserad p\u00e5 varans typ.<\/span><\/p><p><span style=\"font-weight: 400;\">\u00c5ngerr\u00e4tt g\u00e4ller ej:<\/span><\/p><ul><li><span style=\"font-weight: 400;\"> Plomberad vara som har brutits<\/span><\/li><li><span style=\"font-weight: 400;\"> Specialbest\u00e4lld\/anpassad vara efter kunds \u00f6nskem\u00e5l<\/span><\/li><li><span style=\"font-weight: 400;\"> Vara som p\u00e5 grund av sin beskaffenhet inte kan \u00e5terl\u00e4mnas<\/span><\/li><li><span style=\"font-weight: 400;\"> Vara som plockats is\u00e4r eller d\u00e4r yttre \u00e5verkan gjorts<\/span><\/li><li><span style=\"font-weight: 400;\"> Vara som har monterats<\/span><\/li><li><span style=\"font-weight: 400;\"> Br\u00e4nsle- &amp; elektriska vara<\/span><\/li><\/ul><p><span style=\"font-weight: 400;\">Ej avbokade verkstads tider:<\/span><\/p><p><span style=\"font-weight: 400;\">Debiteras med 1500:- ink moms per uteblivet arbete.<\/span><\/p><p><span style=\"font-weight: 400;\">Eventuell kostnad f\u00f6r retur av varor kan tillkomma, se regler runt retur under &#8220;Retur&#8221; ovan.<\/span><\/p><p><span style=\"font-weight: 400;\">Avbokning kostnadsfritt sker senast 48 timmar innan bokad tid.<\/span><\/p><p><span style=\"font-weight: 400;\">L\u00e5nebil:<\/span><\/p><p><span style=\"font-weight: 400;\">T.M. Chiptuning AB har l\u00e5nebil som g\u00e5r att boka vid bokning av arbete hos T.M. Chiptuning AB.<\/span><\/p><p><span style=\"font-weight: 400;\">Kostnad 349:-\/per dag, bilen \u00e5terl\u00e4mnas med full tank.\u00a0<\/span><\/p><p><span style=\"font-weight: 400;\">Eventuella parkeringsb\u00f6ter och tr\u00e4ngselskatter debiteras kund.<\/span><\/p><p><span style=\"font-weight: 400;\">Vid skada utg\u00e5r sj\u00e4lvrisk 7500:- (ink moms) och administrationsavgift p\u00e5 3500:- (ink moms).<\/span><\/p><p><span style=\"font-weight: 400;\">Vid glasskada \u00e4r sj\u00e4lvrisken 2000:- (ink moms)<\/span><\/p><p><span style=\"font-weight: 400;\">Garanti:<\/span><\/p><p><span style=\"font-weight: 400;\">Garantier g\u00e4ller enligt svensk lag.<\/span><\/p><p><span style=\"font-weight: 400;\">Garanti g\u00e4ller ej p\u00e5 produkter som anv\u00e4nts i tr\u00e4ning\/t\u00e4vling om inte felet kan p\u00e5visas vara produktfel.<\/span><\/p><p><span style=\"font-weight: 400;\">Garanti g\u00e4ller inte n\u00e4r en produkt \u00e4r installerad p\u00e5 ett felaktigt s\u00e4tt.<\/span><\/p><p><span style=\"font-weight: 400;\">Garanti \u00e4r begr\u00e4nsad till v\u00e5r ursprungsk\u00f6pare.<\/span><\/p><p><span style=\"font-weight: 400;\">Garanti p\u00e5 delar, mjukvara och andra produkter \u00e4r inte m\u00f6jliga att f\u00f6rflytta mellan olika \u00e4gare utan g\u00e4ller enbart v\u00e5r ursprungskund.<\/span><\/p><p><span style=\"font-weight: 400;\">Produktansvar:<\/span><\/p><p><span style=\"font-weight: 400;\">T.M. Chiptuning AB ansvarar ej f\u00f6r skada som levererade varor orsakat p\u00e5 person, annan egendom eller indirekt s\u00e5som produktionsbortfall mm.<\/span><\/p><p><span style=\"font-weight: 400;\">T.M. Chiptuning AB svarar f\u00f6r fel som f\u00f6religger p\u00e5 produkten redan vid leveransen eller som uppkommer p\u00e5 produkten under garantitiden.<\/span><\/p><p><span style=\"font-weight: 400;\">T.M. Chiptuning AB l\u00e4mnar tre \u00e5rs garanti p\u00e5 programmering och montering som utf\u00f6rts av T.M. Chiptuning AB.<\/span><\/p><ul><li><span style=\"font-weight: 400;\"> En kopia eller annat ink\u00f6psbevis kr\u00e4vs.<\/span><\/li><li><span style=\"font-weight: 400;\"> Ansvaret f\u00f6r T.M. Chiptuning AB begr\u00e4nsas till reparation eller utbyte av produkten efter eget godtycke.<\/span><\/li><li><span style=\"font-weight: 400;\"> Om en produkt repareras eller byts ut f\u00f6rl\u00e4ngs ej garantin.<\/span><\/li><\/ul><p><span style=\"font-weight: 400;\">T.M. Chiptuning AB ansvarar inte f\u00f6r fel om T.M. Chiptuning AB kan g\u00f6ra sannolikt att felet beror p\u00e5:<\/span><\/p><ul><li><span style=\"font-weight: 400;\"> Att k\u00f6paren monterat produkten p\u00e5 felaktigt s\u00e4tt.<\/span><\/li><li><span style=\"font-weight: 400;\"> Att produkten byggts om eller \u00e4ndrats.<\/span><\/li><li><span style=\"font-weight: 400;\"> Att produkten inte sk\u00f6tts eller brukats i enlighet med bruksanvisningen.<\/span><\/li><li><span style=\"font-weight: 400;\"> Att produkten utsatts f\u00f6r olycksh\u00e4ndelse eller annan yttre p\u00e5verkan.<\/span><\/li><\/ul><p><span style=\"font-weight: 400;\">T.M. Chiptuning AB har r\u00e4tt att kontrollera produkten innan utbyte sker. Defekta produkter utbytes mot motsvarande, k\u00f6peskillingen \u00e5terbetalas normalt inte.<\/span><\/p><p><span style=\"font-weight: 400;\">Eventuella returfrakter skall bekostas av k\u00f6paren.<\/span><\/p><p><span style=\"font-weight: 400;\">Reklamation:<\/span><\/p><p><span style=\"font-weight: 400;\">Om k\u00f6paren vill p\u00e5tala fel skall T.M. Chiptuning AB underr\u00e4ttas om detta inom sk\u00e4lig tid, max 14 dagar efter det att felet uppt\u00e4ckts.<\/span><\/p><p><span style=\"font-weight: 400;\">T.M. Chiptuning AB best\u00e4mmer den l\u00e4mpligaste \u00e5tg\u00e4rden f\u00f6r att avhj\u00e4lpa fel p\u00e5 produkten.\u00a0<\/span><\/p><p><span style=\"font-weight: 400;\">Avhj\u00e4lpande skall ske inom sk\u00e4lig tid fr\u00e5n reklamationen och utan kostnad eller v\u00e4sentlig ol\u00e4genhet f\u00f6r k\u00f6paren.\u00a0<\/span><\/p><p><span style=\"font-weight: 400;\">Vid best\u00e4mmandet av vad som \u00e4r sk\u00e4lig tid skall h\u00e4nsyn bland annat tas till k\u00f6parens behov av bilen, felets art och omfattning,<\/span><\/p><p><span style=\"font-weight: 400;\">sv\u00e5righeter att fastst\u00e4lla felet och den tidpunkt d\u00e5 k\u00f6paren st\u00e4llt bilen till T.M. Chiptuning AB f\u00f6rfogande.<\/span><\/p><p><span style=\"font-weight: 400;\">Konsument har under de i konsumentk\u00f6plagen angivna f\u00f6ruts\u00e4ttningarna r\u00e4tt till ers\u00e4ttning f\u00f6r skada.\u00a0<\/span><\/p><p><span style=\"font-weight: 400;\">T.M. Chiptuning AB friskriver sig fr\u00e5n ansvar f\u00f6r det fall att T.M. Chiptuning AB bruks-, monterings- och justeringsanvisningar inte har f\u00f6ljts.<\/span><\/p><p><span style=\"font-weight: 400;\">Om k\u00f6paren \u00e4r n\u00e4ringsidkare eller om k\u00f6paren inte har k\u00f6pt produkten huvudsakligen f\u00f6r eget bruk g\u00e4ller f\u00f6ljande:<\/span><\/p><ul><li><span style=\"font-weight: 400;\"> T.M. Chiptuning AB svarar endast f\u00f6r utbyte eller reparation av produkten.<\/span><\/li><li><span style=\"font-weight: 400;\"> T.M. Chiptuning AB svarar inte f\u00f6r rese- och transportkostnader i samband med att fel uppst\u00e5tt p\u00e5 produkten.<\/span><\/li><li><span style=\"font-weight: 400;\"> T.M. Chiptuning AB friskriver sig fr\u00e5n allt ansvar om inte T.M. Chiptuning AB bruks-, monterings- och justeringsanvisningar f\u00f6ljts.<\/span><\/li><li><span style=\"font-weight: 400;\"> T.M. Chiptuning AB svarar inte under n\u00e5got f\u00f6rh\u00e5llande f\u00f6r indirekt f\u00f6rlust, s\u00e5som utebliven vinst eller liknande.<\/span><\/li><li><span style=\"font-weight: 400;\"> T.M. Chiptuning AB svarar inte f\u00f6r skador orsakade p\u00e5 annat \u00e4n den av T.M. Chiptuning AB f\u00f6rs\u00e5lda produkten.<\/span><\/li><\/ul><p><span style=\"font-weight: 400;\">Svensk Bilprovning\/svensk lag:<\/span><\/p><p><span style=\"font-weight: 400;\">Flera av T.M. Chiptuning AB produkter \u00e4r framtagna och avsedda f\u00f6r sport- och t\u00e4vlingsbruk, vilket i vissa fall kan inneb\u00e4ra att bilen,<\/span><\/p><p><span style=\"font-weight: 400;\">efter montering av T.M. Chiptuning AB produkter, inte l\u00e4ngre lagligen kan framf\u00f6ras p\u00e5 allm\u00e4n v\u00e4g.\u00a0<\/span><\/p><p><span style=\"font-weight: 400;\">Det \u00e5ligger k\u00f6paren att kontrollera sitt fordons laglighet samt att vidta och bekosta n\u00f6dv\u00e4ndiga \u00e5tg\u00e4rder.<\/span><\/p><p><span style=\"font-weight: 400;\">Cookies:<\/span><\/p><p><span style=\"font-weight: 400;\">En cookie \u00e4r en textfil som skickas fr\u00e5n v\u00e5r hemsideleverant\u00f6rs webbserver och som sparas av din webbl\u00e4sare.\u00a0<\/span><\/p><p><span style=\"font-weight: 400;\">Det finns tv\u00e5 typer av cookies: s\u00e5dana som lagras en l\u00e4ngre tid p\u00e5 din dator och s\u00e5dana som f\u00f6rsvinner n\u00e4r du st\u00e4nger ner din webbl\u00e4sare (s\u00e5 kallade sessioncookies).<\/span><\/p><p><span style=\"font-weight: 400;\">S\u00e5 anv\u00e4nder T.M.Chiptuning AB cookies:<\/span><\/p><p><span style=\"font-weight: 400;\">Vi anv\u00e4nder sessionscookies f\u00f6r att kunna spara produkter\/fordonsval i varukorgen mellan olika sidvisningar.<\/span><\/p><p><span style=\"font-weight: 400;\">Vi anv\u00e4nder ocks\u00e5 cookies f\u00f6r att underl\u00e4tta analys av trafik och k\u00f6phistorik p\u00e5 v\u00e5r sajt.<\/span><\/p><p><span style=\"font-weight: 400;\">S\u00e5 kan du undvika cookies: Vill du inte acceptera cookies kan din webbl\u00e4sare st\u00e4llas in s\u00e5 att du automatiskt nekar till lagring av cookies eller informeras varje g\u00e5ng en webbplats beg\u00e4r att f\u00e5 lagra en cookie.<\/span><\/p><p><span style=\"font-weight: 400;\">Genom webbl\u00e4saren kan ocks\u00e5 tidigare lagrade cookies raderas. Se webbl\u00e4sarens hj\u00e4lpsidor f\u00f6r mer information. Du kan ocks\u00e5 radera cookies manuellt fr\u00e5n din h\u00e5rddisk n\u00e4r som helst.<\/span><\/p><p><span style=\"font-weight: 400;\">V\u00e4ljer du att inte acceptera cookies kan du fortfarande bes\u00f6ka v\u00e5r sajt men utan m\u00f6jlighet att genomf\u00f6ra k\u00f6p.<\/span><\/p><p><span style=\"font-weight: 400;\">Du beh\u00f6ver inte godk\u00e4nna eller anv\u00e4nda cookies f\u00f6r att titta p\u00e5 produkter och f\u00e5 prisinformation, men f\u00f6r att genomf\u00f6ra k\u00f6p kr\u00e4vs det att du accepterar sessionscookies.<\/span><\/p><p><span style=\"font-weight: 400;\">Personuppgifter:<\/span><\/p><p><span style=\"font-weight: 400;\">Den nya personuppgiftslagen GDPR tr\u00e4dde i kraft den 25 maj 2018 och ers\u00e4tter den tidigare personuppgiftslagen vilket bland annat st\u00e4ller h\u00e5rdare krav p\u00e5 hanteringen av personuppgifter.<\/span><\/p><p><span style=\"font-weight: 400;\">Det betyder att din personliga integritet och dina r\u00e4ttigheter st\u00e4rks, men fodrar ocks\u00e5 nya regelverk f\u00f6r organisationer som behandlar personuppgifter.<\/span><\/p><p><span style=\"font-weight: 400;\">Den nya dataskyddsf\u00f6rordningen g\u00e4ller alla organisationer och branscher som hanterar personlig eller k\u00e4nslig information om sina anst\u00e4llda, kunder, klienter mm.\u00a0<\/span><\/p><p><span style=\"font-weight: 400;\">F\u00f6r T.M. Chiptuning AB \u00e4r det viktigt att v\u00e5ra kunder, leverant\u00f6rer och intressenter k\u00e4nner f\u00f6rtroende och trygghet med hur vi hanterar uppgifterna.\u00a0<\/span><\/p><p><span style=\"font-weight: 400;\">Kundens uppgifter lagras i var enskild order som g\u00f6rs.<\/span><\/p><p><span style=\"font-weight: 400;\">De uppgifter som lagras \u00e4r namn, adress, postnummer, ort, mobilnummer, e-postadress, IP-adress, eventuell f\u00f6retagstillh\u00f6righet och eventuellt intresse i v\u00e5rt erbjudande.<\/span><\/p><p><span style=\"font-weight: 400;\">Vi kan n\u00e4r som helst ta bort uppgifterna p\u00e5 kunds beg\u00e4ran, b\u00e5de som kundkonto och i v\u00e5rt bokf\u00f6ringsprogram.<\/span><\/p><p><span style=\"font-weight: 400;\">Allt som beh\u00f6vs \u00e4r att kunden skickar ett E-post meddelande till <\/span><span style=\"font-weight: 400;\">info@tmchiptuning.com<\/span><span style=\"font-weight: 400;\">och beg\u00e4r detta.<\/span><\/p><p><span style=\"font-weight: 400;\">Efter att det \u00e4r gjort s\u00e5 kan ingen historik h\u00e4mtas om kundens tidigare ordrar och vi har ingen data kvar om kunden.<\/span><\/p><p><span style=\"font-weight: 400;\">Kundens uppgifter l\u00e4mnas endast \u00f6ver till spedit\u00f6r f\u00f6r att m\u00f6jligg\u00f6ra leverans till kunden.<\/span><\/p><p><span style=\"font-weight: 400;\">T.M. Chiptuning AB s\u00e4ljer aldrig kundens uppgifter till annonsf\u00f6retag eller liknande. Kunder till oss p\u00e5 T.M. Chiptuning AB kan vara s\u00e4kra p\u00e5 att Era kunduppgifter kommer inte ut till tredjepart.<\/span><\/p><p><span style=\"font-weight: 400;\">Vi delar inte heller med oss av vad kunden k\u00f6pt av oss till n\u00e5gon annan \u00e4n v\u00e5ran kund.\u00a0<\/span><\/p><p><span style=\"font-weight: 400;\">N\u00e4r kunden l\u00e4gger en best\u00e4llning kan kunden v\u00e4lja om han vill l\u00e4ggas till sin E-postadress i v\u00e5rt nyhetsbrev.\u00a0<\/span><\/p><p><span style=\"font-weight: 400;\">Kunden kan n\u00e4r som helst avregistrera sig fr\u00e5n nyhetsbrevet genom att skicka oss ett E-post meddelande till <\/span><span style=\"font-weight: 400;\">info@tmchiptuning.com<\/span><span style=\"font-weight: 400;\"> och beg\u00e4ra detta.<\/span><\/p><p><span style=\"font-weight: 400;\">Om du \u00e4r missn\u00f6jd med v\u00e5r behandling kan du l\u00e4mna in ett klagom\u00e5l till en tillsynsmyndighet vilket i Sverige \u00e4r Datainspektionen (www.datainspektionen.se).<\/span><\/p><p><span style=\"font-weight: 400;\">Du kan ocks\u00e5 v\u00e4nda dig till tillsynsmyndigheten i det land d\u00e4r du bor eller arbetar. Kontakta oss p\u00e5 adress nedan om du har n\u00e5gra fr\u00e5gor r\u00f6rande v\u00e5r personuppgiftsbehandling.<\/span><\/p><p><span style=\"font-weight: 400;\">Personuppgiftsansvarig \u00e4r T.M. Chiptuning AB, org. nr. 556730-7847, Br\u00e4ckeliden 55, 471 72 Hj\u00e4lteby, 0303-44 00 00, <\/span><a href=\"https:\/\/www.tmchiptuning.com\/\"><span style=\"font-weight: 400;\">www.tmchiptuning.com<\/span><\/a><span style=\"font-weight: 400;\">, <\/span><span style=\"font-weight: 400;\">info@tmchiptuning.com<\/span><\/p>\t\t\t\t\t\t\t\t<\/div>\n\t\t\t\t<\/div>\n\t\t\t\t<div class=\"elementor-element elementor-element-22a546ae elementor-widget-mobile__width-inherit elementor-widget elementor-widget-heading\" data-id=\"22a546ae\" data-element_type=\"widget\" data-e-type=\"widget\" data-widget_type=\"heading.default\">\n\t\t\t\t<div class=\"elementor-widget-container\">\n\t\t\t\t\t<h3 class=\"elementor-heading-title elementor-size-default\">Category no. 5<\/h3>\t\t\t\t<\/div>\n\t\t\t\t<\/div>\n\t\t\t\t\t<\/div>\n\t\t<\/div>\n\t\t\t\t\t<\/div>\n\t\t<\/section>\n\t\t\t\t<\/div>\n\t\t","protected":false},"excerpt":{"rendered":"<p>Villkor Allm\u00e4nt: T.M. Chiptuning AB reserverar sig f\u00f6r eventuella tryckfel och att varor f\u00f6r\u00e4ndrats eller utg\u00e5tt p.g.a. omst\u00e4ndigheter som T.M. Chiptuning AB ej kunnat p\u00e5verka. K\u00f6pvillkor: Varje T.M. Chiptuning AB \u00e5terf\u00f6rs\u00e4ljare \u00e4r ett separat f\u00f6retag som kunden ing\u00e5r avtal med, i detta avtal och representerar det bolag du bes\u00f6ker f\u00f6r optimering. Det f\u00f6retag som \u00e4r [&hellip;]<\/p>\n","protected":false},"author":1,"featured_media":4516,"parent":0,"menu_order":0,"comment_status":"closed","ping_status":"closed","template":"elementor_header_footer","meta":{"_monsterinsights_skip_tracking":false,"_monsterinsights_sitenote_active":false,"_monsterinsights_sitenote_note":"","_monsterinsights_sitenote_category":0,"ocean_post_layout":"","ocean_both_sidebars_style":"","ocean_both_sidebars_content_width":0,"ocean_both_sidebars_sidebars_width":0,"ocean_sidebar":"0","ocean_second_sidebar":"0","ocean_disable_margins":"enable","ocean_add_body_class":"","ocean_shortcode_before_top_bar":"","ocean_shortcode_after_top_bar":"","ocean_shortcode_before_header":"","ocean_shortcode_after_header":"","ocean_has_shortcode":"","ocean_shortcode_after_title":"","ocean_shortcode_before_footer_widgets":"","ocean_shortcode_after_footer_widgets":"","ocean_shortcode_before_footer_bottom":"","ocean_shortcode_after_footer_bottom":"","ocean_display_top_bar":"default","ocean_display_header":"default","ocean_header_style":"","ocean_center_header_left_menu":"0","ocean_custom_header_template":"0","ocean_custom_logo":0,"ocean_custom_retina_logo":0,"ocean_custom_logo_max_width":0,"ocean_custom_logo_tablet_max_width":0,"ocean_custom_logo_mobile_max_width":0,"ocean_custom_logo_max_height":0,"ocean_custom_logo_tablet_max_height":0,"ocean_custom_logo_mobile_max_height":0,"ocean_header_custom_menu":"0","ocean_menu_typo_font_family":"0","ocean_menu_typo_font_subset":"","ocean_menu_typo_font_size":0,"ocean_menu_typo_font_size_tablet":0,"ocean_menu_typo_font_size_mobile":0,"ocean_menu_typo_font_size_unit":"px","ocean_menu_typo_font_weight":"","ocean_menu_typo_font_weight_tablet":"","ocean_menu_typo_font_weight_mobile":"","ocean_menu_typo_transform":"","ocean_menu_typo_transform_tablet":"","ocean_menu_typo_transform_mobile":"","ocean_menu_typo_line_height":0,"ocean_menu_typo_line_height_tablet":0,"ocean_menu_typo_line_height_mobile":0,"ocean_menu_typo_line_height_unit":"","ocean_menu_typo_spacing":0,"ocean_menu_typo_spacing_tablet":0,"ocean_menu_typo_spacing_mobile":0,"ocean_menu_typo_spacing_unit":"","ocean_menu_link_color":"","ocean_menu_link_color_hover":"","ocean_menu_link_color_active":"","ocean_menu_link_background":"","ocean_menu_link_hover_background":"","ocean_menu_link_active_background":"","ocean_menu_social_links_bg":"","ocean_menu_social_hover_links_bg":"","ocean_menu_social_links_color":"","ocean_menu_social_hover_links_color":"","ocean_disable_title":"default","ocean_disable_heading":"default","ocean_post_title":"","ocean_post_subheading":"","ocean_post_title_style":"","ocean_post_title_background_color":"","ocean_post_title_background":0,"ocean_post_title_bg_image_position":"","ocean_post_title_bg_image_attachment":"","ocean_post_title_bg_image_repeat":"","ocean_post_title_bg_image_size":"","ocean_post_title_height":0,"ocean_post_title_bg_overlay":0.5,"ocean_post_title_bg_overlay_color":"","ocean_disable_breadcrumbs":"default","ocean_breadcrumbs_color":"","ocean_breadcrumbs_separator_color":"","ocean_breadcrumbs_links_color":"","ocean_breadcrumbs_links_hover_color":"","ocean_display_footer_widgets":"default","ocean_display_footer_bottom":"default","ocean_custom_footer_template":"0","footnotes":""},"class_list":["post-6384","page","type-page","status-publish","has-post-thumbnail","hentry","entry","has-media"],"_links":{"self":[{"href":"https:\/\/www.tmchiptuning.com\/en\/wp-json\/wp\/v2\/pages\/6384","targetHints":{"allow":["GET"]}}],"collection":[{"href":"https:\/\/www.tmchiptuning.com\/en\/wp-json\/wp\/v2\/pages"}],"about":[{"href":"https:\/\/www.tmchiptuning.com\/en\/wp-json\/wp\/v2\/types\/page"}],"author":[{"embeddable":true,"href":"https:\/\/www.tmchiptuning.com\/en\/wp-json\/wp\/v2\/users\/1"}],"replies":[{"embeddable":true,"href":"https:\/\/www.tmchiptuning.com\/en\/wp-json\/wp\/v2\/comments?post=6384"}],"version-history":[{"count":2,"href":"https:\/\/www.tmchiptuning.com\/en\/wp-json\/wp\/v2\/pages\/6384\/revisions"}],"predecessor-version":[{"id":6392,"href":"https:\/\/www.tmchiptuning.com\/en\/wp-json\/wp\/v2\/pages\/6384\/revisions\/6392"}],"wp:featuredmedia":[{"embeddable":true,"href":"https:\/\/www.tmchiptuning.com\/en\/wp-json\/wp\/v2\/media\/4516"}],"wp:attachment":[{"href":"https:\/\/www.tmchiptuning.com\/en\/wp-json\/wp\/v2\/media?parent=6384"}],"curies":[{"name":"wp","href":"https:\/\/api.w.org\/{rel}","templated":true}]}}